{"id":2,"date":"2019-04-02T18:58:02","date_gmt":"2019-04-02T16:58:02","guid":{"rendered":"https:\/\/petangturiec.sk\/?page_id=2"},"modified":"2020-02-07T19:46:13","modified_gmt":"2020-02-07T18:46:13","slug":"ukazka-strany","status":"publish","type":"page","link":"https:\/\/petangturiec.sk\/","title":{"rendered":"\u00davod"},"content":{"rendered":"\n<p class=\"has-text-align-left\">Petangov\u00fd klub ml\u00e1de\u017ee Turiec bol obnoven\u00fd v roku 2018. Prv\u00ed ml\u00e1de\u017en\u00edci za\u010dali svoje prv\u00e9 tr\u00e9ningy a aj prv\u00e9 s\u00fa\u0165a\u017ee. P\u00f4sob\u00edme na Evanjelickej spojenej \u0161kole v Martine a Z\u00e1kladnej \u0161kole Hany Zelinovej vo Vr\u00fatkach.<\/p>\n\n\n\n<blockquote class=\"wp-block-quote\"><p>Za\u010d\u00edna jarn\u00e1 \u010das\u0165 Tur\u010dianskej petangovej ligy. Registrovan\u00ed s\u00fa\u0165a\u017eiaci, stretneme sa ka\u017ed\u00fa nede\u013eu o 14:00 v Are\u00e1li SIM Martin &#8211; Priekopa<\/p><\/blockquote>\n\n\n\n<p>Na\u0161i \u013eudia: Tr\u00e9ner: Miroslav Ritomsk\u00fd, kontakt: +421 905 793 983<br><\/p>\n\n\n\n<blockquote class=\"wp-block-quote is-style-large\"><p>Petang je hra pre ka\u017ed\u00e9ho! <\/p><\/blockquote>\n\n\n\n<blockquote class=\"wp-block-quote\"><p>Kontakt: Petangov\u00fd klub ml\u00e1de\u017ee Turiec, ob\u010dianske zdru\u017eenie<\/p><p>Adresa: 9. m\u00e1ja 88\/13, 038 52 Podhradie<\/p><p>I\u010cO: 42060648<\/p><p><\/p><\/blockquote>\n\n\n\n<p>Rozpis tr\u00e9ningov:<\/p>\n\n\n\n<p>streda: 15:00 Evanjelick\u00e1 spojen\u00e1 \u0161kola v Martine, Zborov\u00fd dom<\/p>\n\n\n\n<p>nede\u013ea: 13:00 Are\u00e1l SIM, Martin &#8211; Priekopa<br><\/p>\n\n\n\n<blockquote class=\"wp-block-quote\"><p><\/p><\/blockquote>\n","protected":false},"excerpt":{"rendered":"<p>Petangov\u00fd klub ml\u00e1de\u017ee Turiec bol obnoven\u00fd v roku 2018. Prv\u00ed ml\u00e1de\u017en\u00edci za\u010dali svoje prv\u00e9 tr\u00e9ningy a aj prv\u00e9 s\u00fa\u0165a\u017ee. P\u00f4sob\u00edme na Evanjelickej spojenej \u0161kole v Martine a Z\u00e1kladnej \u0161kole Hany Zelinovej vo Vr\u00fatkach. Za\u010d\u00edna jarn\u00e1 \u010das\u0165 Tur\u010dianskej petangovej ligy. Registrovan\u00ed s\u00fa\u0165a\u017eiaci, stretneme sa ka\u017ed\u00fa nede\u013eu o 14:00 v Are\u00e1li SIM Martin &#8211; Priekopa Na\u0161i \u013eudia: &hellip; <\/p>\n<p class=\"link-more\"><a href=\"https:\/\/petangturiec.sk\/\" class=\"more-link\">Pokra\u010dova\u0165 v \u010d\u00edtan\u00ed<span class=\"screen-reader-text\"> &#8222;\u00davod&#8220;<\/span><\/a><\/p>\n","protected":false},"author":1,"featured_media":0,"parent":0,"menu_order":0,"comment_status":"closed","ping_status":"open","template":"","meta":[],"_links":{"self":[{"href":"https:\/\/petangturiec.sk\/index.php?rest_route=\/wp\/v2\/pages\/2"}],"collection":[{"href":"https:\/\/petangturiec.sk\/index.php?rest_route=\/wp\/v2\/pages"}],"about":[{"href":"https:\/\/petangturiec.sk\/index.php?rest_route=\/wp\/v2\/types\/page"}],"author":[{"embeddable":true,"href":"https:\/\/petangturiec.sk\/index.php?rest_route=\/wp\/v2\/users\/1"}],"replies":[{"embeddable":true,"href":"https:\/\/petangturiec.sk\/index.php?rest_route=%2Fwp%2Fv2%2Fcomments&post=2"}],"version-history":[{"count":13,"href":"https:\/\/petangturiec.sk\/index.php?rest_route=\/wp\/v2\/pages\/2\/revisions"}],"predecessor-version":[{"id":103,"href":"https:\/\/petangturiec.sk\/index.php?rest_route=\/wp\/v2\/pages\/2\/revisions\/103"}],"wp:attachment":[{"href":"https:\/\/petangturiec.sk\/index.php?rest_route=%2Fwp%2Fv2%2Fmedia&parent=2"}],"curies":[{"name":"wp","href":"https:\/\/api.w.org\/{rel}","templated":true}]}}