{"id":41,"date":"2019-04-04T08:19:28","date_gmt":"2019-04-04T06:19:28","guid":{"rendered":"https:\/\/petangturiec.sk\/?page_id=41"},"modified":"2020-02-07T19:45:18","modified_gmt":"2020-02-07T18:45:18","slug":"rozpis-treningov","status":"publish","type":"page","link":"https:\/\/petangturiec.sk\/?page_id=41","title":{"rendered":"Rozpis tr\u00e9ningov"},"content":{"rendered":"\n<p>streda: 15:00 Evanjelick\u00e1 spojen\u00e1 \u0161kola v Martine, Zborov\u00fd dom<\/p>\n\n\n\n<p>nede\u013ea: 13:00 Are\u00e1l SIM, Martin &#8211; Priekopa<\/p>\n","protected":false},"excerpt":{"rendered":"<p>streda: 15:00 Evanjelick\u00e1 spojen\u00e1 \u0161kola v Martine, Zborov\u00fd dom nede\u013ea: 13:00 Are\u00e1l SIM, Martin &#8211; Priekopa<\/p>\n","protected":false},"author":1,"featured_media":0,"parent":0,"menu_order":0,"comment_status":"closed","ping_status":"closed","template":"","meta":[],"_links":{"self":[{"href":"https:\/\/petangturiec.sk\/index.php?rest_route=\/wp\/v2\/pages\/41"}],"collection":[{"href":"https:\/\/petangturiec.sk\/index.php?rest_route=\/wp\/v2\/pages"}],"about":[{"href":"https:\/\/petangturiec.sk\/index.php?rest_route=\/wp\/v2\/types\/page"}],"author":[{"embeddable":true,"href":"https:\/\/petangturiec.sk\/index.php?rest_route=\/wp\/v2\/users\/1"}],"replies":[{"embeddable":true,"href":"https:\/\/petangturiec.sk\/index.php?rest_route=%2Fwp%2Fv2%2Fcomments&post=41"}],"version-history":[{"count":3,"href":"https:\/\/petangturiec.sk\/index.php?rest_route=\/wp\/v2\/pages\/41\/revisions"}],"predecessor-version":[{"id":102,"href":"https:\/\/petangturiec.sk\/index.php?rest_route=\/wp\/v2\/pages\/41\/revisions\/102"}],"wp:attachment":[{"href":"https:\/\/petangturiec.sk\/index.php?rest_route=%2Fwp%2Fv2%2Fmedia&parent=41"}],"curies":[{"name":"wp","href":"https:\/\/api.w.org\/{rel}","templated":true}]}}